{"id":846,"date":"2024-04-16T14:20:17","date_gmt":"2024-04-16T12:20:17","guid":{"rendered":"https:\/\/pop-jazz-studieren-hamburg.de\/en\/?page_id=846"},"modified":"2024-07-12T18:25:06","modified_gmt":"2024-07-12T16:25:06","slug":"entrance-test-with-a-focus-on-jazz","status":"publish","type":"page","link":"https:\/\/pop-jazz-studieren-hamburg.de\/en\/entrance-test-with-a-focus-on-jazz\/","title":{"rendered":"Entrance test with a focus on jazz"},"content":{"rendered":"<p>[et_pb_section fb_built=&#8220;1&#8243; admin_label=&#8220;section&#8220; _builder_version=&#8220;4.26.0&#8243; background_color=&#8220;#3f343e&#8220; height=&#8220;100vh&#8220; height_tablet=&#8220;100vh&#8220; height_phone=&#8220;&#8220; height_last_edited=&#8220;on|phone&#8220; hover_enabled=&#8220;0&#8243; global_colors_info=&#8220;{}&#8220; sticky_enabled=&#8220;0&#8243;][et_pb_row admin_label=&#8220;row&#8220; _builder_version=&#8220;4.16&#8243; background_size=&#8220;initial&#8220; background_position=&#8220;top_left&#8220; background_repeat=&#8220;repeat&#8220; global_colors_info=&#8220;{}&#8220;][et_pb_column type=&#8220;4_4&#8243; _builder_version=&#8220;4.16&#8243; custom_padding=&#8220;|||&#8220; global_colors_info=&#8220;{}&#8220; custom_padding__hover=&#8220;|||&#8220;][et_pb_text _builder_version=&#8220;4.26.0&#8243; _module_preset=&#8220;default&#8220; header_font=&#8220;||||||||&#8220; header_text_color=&#8220;#FFFFFF&#8220; header_font_size=&#8220;43px&#8220; header_line_height=&#8220;1.2em&#8220; header_2_font_size=&#8220;34px&#8220; header_font_tablet=&#8220;Alfa Slab One||||||||&#8220; header_font_phone=&#8220;&#8211;et_global_heading_font||||||||&#8220; header_font_last_edited=&#8220;on|phone&#8220; global_colors_info=&#8220;{}&#8220;]<\/p>\n<h1>Test for the entrance exam<br \/>Focus: Jazz<\/h1>\n<p>[\/et_pb_text][\/et_pb_column][\/et_pb_row][et_pb_row column_structure=&#8220;2_5,3_5&#8243; _builder_version=&#8220;4.24.2&#8243; _module_preset=&#8220;default&#8220; global_colors_info=&#8220;{}&#8220;][et_pb_column type=&#8220;2_5&#8243; _builder_version=&#8220;4.24.2&#8243; _module_preset=&#8220;default&#8220; background_image=&#8220;https:\/\/pop-jazz-studieren-hamburg.de\/en\/wp-content\/uploads\/2021\/09\/column-background-02.png&#8220; custom_padding=&#8220;50px|50px|50px|50px|true|false&#8220; global_colors_info=&#8220;{}&#8220;][et_pb_image src=&#8220;https:\/\/pop-jazz-studieren-hamburg.de\/en\/wp-content\/uploads\/2024\/04\/Kontrabass-studieren.webp&#8220; alt=&#8220;Bildausschnitt eines Kontrabassisten mit seinem Instrument. Man sieht nur die rechte Hand, die Finger pressen die Saiten auf dem Instrument. Im Hintergrund erahnt man eine B\u00fchnensituation&#8220; title_text=&#8220;Aufnahmepr\u00fcfung Jazz &#8211; Hier kannst Du den H\u00f6rtest ausprobieren &#8220; _builder_version=&#8220;4.25.0&#8243; _module_preset=&#8220;default&#8220; width=&#8220;100%&#8220; max_width=&#8220;100%&#8220; global_colors_info=&#8220;{}&#8220;][\/et_pb_image][\/et_pb_column][et_pb_column type=&#8220;3_5&#8243; _builder_version=&#8220;4.24.2&#8243; _module_preset=&#8220;default&#8220; global_colors_info=&#8220;{}&#8220;][et_pb_text _builder_version=&#8220;4.25.1&#8243; _module_preset=&#8220;default&#8220; text_font=&#8220;||||||||&#8220; text_text_color=&#8220;#FFFFFF&#8220; text_font_size=&#8220;18px&#8220; global_colors_info=&#8220;{}&#8220;]<\/p>\n<p>Please download the test and try it out.<\/p>\n<p>After you have completed everything, check for the correct solutions (button below).<\/p>\n<p>[\/et_pb_text][et_pb_button button_url=&#8220;https:\/\/pop-jazz-studieren-hamburg.de\/en\/wp-content\/uploads\/2024\/04\/Hoer-und-Theorietest-Jazz-BMP.pdf&#8220; url_new_window=&#8220;on&#8220; button_text=&#8220;Download test&#8220; button_alignment=&#8220;left&#8220; module_class=&#8220;inline-buttons&#8220; _builder_version=&#8220;4.25.0&#8243; _module_preset=&#8220;default&#8220; custom_button=&#8220;on&#8220; button_text_size=&#8220;18px&#8220; button_text_color=&#8220;#FFFFFF&#8220; button_bg_color=&#8220;#C20052&#8243; button_border_color=&#8220;RGBA(255,255,255,0)&#8220; button_border_radius=&#8220;57px&#8220; button_font=&#8220;||||||||&#8220; button_icon_color=&#8220;#FFFFFF&#8220; global_colors_info=&#8220;{}&#8220;][\/et_pb_button][et_pb_divider color=&#8220;#FFFFFF&#8220; _builder_version=&#8220;4.24.2&#8243; _module_preset=&#8220;default&#8220; custom_margin=&#8220;||0px||false|false&#8220; global_colors_info=&#8220;{}&#8220;][\/et_pb_divider][et_pb_audio audio=&#8220;https:\/\/pop-jazz-studieren-hamburg.de\/en\/wp-content\/uploads\/2024\/04\/Hoertest_jazz-BMP_Audio.mp3&#8243; title=&#8220;Listening test&#8220; album_name=&#8220;Audio samples for the entrance exam focus jazz&#8220; _builder_version=&#8220;4.25.0&#8243; _module_preset=&#8220;default&#8220; title_font=&#8220;||||||||&#8220; caption_font=&#8220;||||||||&#8220; border_radii=&#8220;on|6px|6px|6px|6px&#8220; global_colors_info=&#8220;{}&#8220;][\/et_pb_audio][et_pb_divider color=&#8220;#FFFFFF&#8220; _builder_version=&#8220;4.24.2&#8243; _module_preset=&#8220;default&#8220; custom_margin=&#8220;||0px||false|false&#8220; global_colors_info=&#8220;{}&#8220;][\/et_pb_divider][et_pb_text _builder_version=&#8220;4.25.0&#8243; _module_preset=&#8220;default&#8220; text_font=&#8220;|600|||||||&#8220; text_text_color=&#8220;#FFFFFF&#8220; text_font_size=&#8220;18px&#8220; global_colors_info=&#8220;{}&#8220;]<\/p>\n<p>Did everything right?<br \/>Check the solution.<\/p>\n<p>[\/et_pb_text][et_pb_button button_url=&#8220;https:\/\/pop-jazz-studieren-hamburg.de\/en\/wp-content\/uploads\/2024\/04\/Hoer-und-Theorietest-Jazz-BMP-Loesungen.pdf&#8220; url_new_window=&#8220;on&#8220; button_text=&#8220;Download solution&#8220; button_alignment=&#8220;left&#8220; module_class=&#8220;inline-buttons&#8220; _builder_version=&#8220;4.25.0&#8243; _module_preset=&#8220;default&#8220; custom_button=&#8220;on&#8220; button_text_size=&#8220;18px&#8220; button_text_color=&#8220;#FFFFFF&#8220; button_bg_color=&#8220;#C20052&#8243; button_border_color=&#8220;RGBA(255,255,255,0)&#8220; button_border_radius=&#8220;57px&#8220; button_font=&#8220;||||||||&#8220; button_icon_color=&#8220;#FFFFFF&#8220; global_colors_info=&#8220;{}&#8220;][\/et_pb_button][\/et_pb_column][\/et_pb_row][\/et_pb_section]<\/p>\n","protected":false},"excerpt":{"rendered":"<p>Test for the entrance examFocus: JazzPlease download the test and try it out. After you have completed everything, check for the correct solutions (button below).Did everything right?Check the solution.<\/p>\n","protected":false},"author":1,"featured_media":0,"parent":0,"menu_order":0,"comment_status":"closed","ping_status":"closed","template":"","meta":{"_et_pb_use_builder":"on","_et_pb_old_content":"","_et_gb_content_width":"","footnotes":""},"class_list":["post-846","page","type-page","status-publish","hentry"],"yoast_head":"<!-- This site is optimized with the Yoast SEO plugin v24.8.1 - https:\/\/yoast.com\/wordpress\/plugins\/seo\/ -->\n<title>Entrance test with a focus on jazz - Pop Jazz studieren Hamburg<\/title>\n<meta name=\"robots\" content=\"index, follow, max-snippet:-1, max-image-preview:large, max-video-preview:-1\" \/>\n<link rel=\"canonical\" href=\"https:\/\/pop-jazz-studieren-hamburg.de\/en\/entrance-test-with-a-focus-on-jazz\/\" \/>\n<meta property=\"og:locale\" content=\"de_DE\" \/>\n<meta property=\"og:type\" content=\"article\" \/>\n<meta property=\"og:title\" content=\"Entrance test with a focus on jazz - Pop Jazz studieren Hamburg\" \/>\n<meta property=\"og:description\" content=\"Test for the entrance examFocus: JazzPlease download the test and try it out. After you have completed everything, check for the correct solutions (button below).Did everything right?Check the solution.\" \/>\n<meta property=\"og:url\" content=\"https:\/\/pop-jazz-studieren-hamburg.de\/en\/entrance-test-with-a-focus-on-jazz\/\" \/>\n<meta property=\"og:site_name\" content=\"Pop Jazz studieren Hamburg\" \/>\n<meta property=\"article:modified_time\" content=\"2024-07-12T16:25:06+00:00\" \/>\n<meta name=\"twitter:card\" content=\"summary_large_image\" \/>\n<meta name=\"twitter:label1\" content=\"Gesch\u00e4tzte Lesezeit\" \/>\n\t<meta name=\"twitter:data1\" content=\"3\u00a0Minuten\" \/>\n<script type=\"application\/ld+json\" class=\"yoast-schema-graph\">{\"@context\":\"https:\/\/schema.org\",\"@graph\":[{\"@type\":\"WebPage\",\"@id\":\"https:\/\/pop-jazz-studieren-hamburg.de\/en\/entrance-test-with-a-focus-on-jazz\/\",\"url\":\"https:\/\/pop-jazz-studieren-hamburg.de\/en\/entrance-test-with-a-focus-on-jazz\/\",\"name\":\"Entrance test with a focus on jazz - Pop Jazz studieren Hamburg\",\"isPartOf\":{\"@id\":\"https:\/\/pop-jazz-studieren-hamburg.de\/en\/#website\"},\"datePublished\":\"2024-04-16T12:20:17+00:00\",\"dateModified\":\"2024-07-12T16:25:06+00:00\",\"breadcrumb\":{\"@id\":\"https:\/\/pop-jazz-studieren-hamburg.de\/en\/entrance-test-with-a-focus-on-jazz\/#breadcrumb\"},\"inLanguage\":\"de\",\"potentialAction\":[{\"@type\":\"ReadAction\",\"target\":[\"https:\/\/pop-jazz-studieren-hamburg.de\/en\/entrance-test-with-a-focus-on-jazz\/\"]}]},{\"@type\":\"BreadcrumbList\",\"@id\":\"https:\/\/pop-jazz-studieren-hamburg.de\/en\/entrance-test-with-a-focus-on-jazz\/#breadcrumb\",\"itemListElement\":[{\"@type\":\"ListItem\",\"position\":1,\"name\":\"Startseite\",\"item\":\"https:\/\/pop-jazz-studieren-hamburg.de\/en\/\"},{\"@type\":\"ListItem\",\"position\":2,\"name\":\"Entrance test with a focus on jazz\"}]},{\"@type\":\"WebSite\",\"@id\":\"https:\/\/pop-jazz-studieren-hamburg.de\/en\/#website\",\"url\":\"https:\/\/pop-jazz-studieren-hamburg.de\/en\/\",\"name\":\"Pop Jazz studieren Hamburg - English language\",\"description\":\"Hamburger Konservatorium\",\"alternateName\":\"jazz studi hh\",\"potentialAction\":[{\"@type\":\"SearchAction\",\"target\":{\"@type\":\"EntryPoint\",\"urlTemplate\":\"https:\/\/pop-jazz-studieren-hamburg.de\/en\/?s={search_term_string}\"},\"query-input\":{\"@type\":\"PropertyValueSpecification\",\"valueRequired\":true,\"valueName\":\"search_term_string\"}}],\"inLanguage\":\"de\"}]}<\/script>\n<!-- \/ Yoast SEO plugin. -->","yoast_head_json":{"title":"Entrance test with a focus on jazz - Pop Jazz studieren Hamburg","robots":{"index":"index","follow":"follow","max-snippet":"max-snippet:-1","max-image-preview":"max-image-preview:large","max-video-preview":"max-video-preview:-1"},"canonical":"https:\/\/pop-jazz-studieren-hamburg.de\/en\/entrance-test-with-a-focus-on-jazz\/","og_locale":"de_DE","og_type":"article","og_title":"Entrance test with a focus on jazz - Pop Jazz studieren Hamburg","og_description":"Test for the entrance examFocus: JazzPlease download the test and try it out. After you have completed everything, check for the correct solutions (button below).Did everything right?Check the solution.","og_url":"https:\/\/pop-jazz-studieren-hamburg.de\/en\/entrance-test-with-a-focus-on-jazz\/","og_site_name":"Pop Jazz studieren Hamburg","article_modified_time":"2024-07-12T16:25:06+00:00","twitter_card":"summary_large_image","twitter_misc":{"Gesch\u00e4tzte Lesezeit":"3\u00a0Minuten"},"schema":{"@context":"https:\/\/schema.org","@graph":[{"@type":"WebPage","@id":"https:\/\/pop-jazz-studieren-hamburg.de\/en\/entrance-test-with-a-focus-on-jazz\/","url":"https:\/\/pop-jazz-studieren-hamburg.de\/en\/entrance-test-with-a-focus-on-jazz\/","name":"Entrance test with a focus on jazz - Pop Jazz studieren Hamburg","isPartOf":{"@id":"https:\/\/pop-jazz-studieren-hamburg.de\/en\/#website"},"datePublished":"2024-04-16T12:20:17+00:00","dateModified":"2024-07-12T16:25:06+00:00","breadcrumb":{"@id":"https:\/\/pop-jazz-studieren-hamburg.de\/en\/entrance-test-with-a-focus-on-jazz\/#breadcrumb"},"inLanguage":"de","potentialAction":[{"@type":"ReadAction","target":["https:\/\/pop-jazz-studieren-hamburg.de\/en\/entrance-test-with-a-focus-on-jazz\/"]}]},{"@type":"BreadcrumbList","@id":"https:\/\/pop-jazz-studieren-hamburg.de\/en\/entrance-test-with-a-focus-on-jazz\/#breadcrumb","itemListElement":[{"@type":"ListItem","position":1,"name":"Startseite","item":"https:\/\/pop-jazz-studieren-hamburg.de\/en\/"},{"@type":"ListItem","position":2,"name":"Entrance test with a focus on jazz"}]},{"@type":"WebSite","@id":"https:\/\/pop-jazz-studieren-hamburg.de\/en\/#website","url":"https:\/\/pop-jazz-studieren-hamburg.de\/en\/","name":"Pop Jazz studieren Hamburg - English language","description":"Hamburger Konservatorium","alternateName":"jazz studi hh","potentialAction":[{"@type":"SearchAction","target":{"@type":"EntryPoint","urlTemplate":"https:\/\/pop-jazz-studieren-hamburg.de\/en\/?s={search_term_string}"},"query-input":{"@type":"PropertyValueSpecification","valueRequired":true,"valueName":"search_term_string"}}],"inLanguage":"de"}]}},"_links":{"self":[{"href":"https:\/\/pop-jazz-studieren-hamburg.de\/en\/wp-json\/wp\/v2\/pages\/846","targetHints":{"allow":["GET"]}}],"collection":[{"href":"https:\/\/pop-jazz-studieren-hamburg.de\/en\/wp-json\/wp\/v2\/pages"}],"about":[{"href":"https:\/\/pop-jazz-studieren-hamburg.de\/en\/wp-json\/wp\/v2\/types\/page"}],"author":[{"embeddable":true,"href":"https:\/\/pop-jazz-studieren-hamburg.de\/en\/wp-json\/wp\/v2\/users\/1"}],"replies":[{"embeddable":true,"href":"https:\/\/pop-jazz-studieren-hamburg.de\/en\/wp-json\/wp\/v2\/comments?post=846"}],"version-history":[{"count":32,"href":"https:\/\/pop-jazz-studieren-hamburg.de\/en\/wp-json\/wp\/v2\/pages\/846\/revisions"}],"predecessor-version":[{"id":1330,"href":"https:\/\/pop-jazz-studieren-hamburg.de\/en\/wp-json\/wp\/v2\/pages\/846\/revisions\/1330"}],"wp:attachment":[{"href":"https:\/\/pop-jazz-studieren-hamburg.de\/en\/wp-json\/wp\/v2\/media?parent=846"}],"curies":[{"name":"wp","href":"https:\/\/api.w.org\/{rel}","templated":true}]}}